{"id":1485,"date":"2025-07-08T22:00:22","date_gmt":"2025-07-08T22:00:22","guid":{"rendered":"https:\/\/dyafalik.com\/?page_id=1485"},"modified":"2025-07-12T19:35:25","modified_gmt":"2025-07-12T19:35:25","slug":"about-us","status":"publish","type":"page","link":"https:\/\/dyafalik.com\/ar\/about-us\/","title":{"rendered":"\u0645\u0646 \u0646\u062d\u0646\u061f"},"content":{"rendered":"<div class=\"about-container\">\n  <div class=\"about-header\">\n    <h1>\u0645\u0631\u062d\u0628\u0627\u064b \u0628\u0643\u0645 \u0641\u064a DyafaLik<\/h1>\n    <p>\u0645\u0641\u0647\u0648\u0645 \u0627\u0644\u0645\u0637\u0628\u062e \u0627\u0644\u0637\u0627\u0632\u062c \u0627\u0644\u0630\u064a \u064a\u0639\u064a\u062f \u0627\u0628\u062a\u0643\u0627\u0631 \u0627\u0644\u0637\u0639\u0645 \u0648\u0627\u0644\u0646\u0636\u0627\u0631\u0629<\/p>\n  <\/div>\n\n  <div class=\"about-section\">\n    <h2>\u062a\u0627\u0631\u064a\u062e\u0646\u0627<\/h2>\n    <p>\u0646\u062d\u0646 \u0641\u064a DyafaLik \u0646\u0624\u0645\u0646 \u0623\u0646 \u0627\u0644\u0637\u0639\u0627\u0645 \u0627\u0644\u0631\u0627\u0626\u0639 \u064a\u0628\u062f\u0623 \u0628\u0645\u0643\u0648\u0646\u0627\u062a \u0637\u0627\u0632\u062c\u0629 \u0639\u0627\u0644\u064a\u0629 \u0627\u0644\u062c\u0648\u062f\u0629\u060c \u0645\u0645\u0632\u0648\u062c\u0629 \u0628\u0634\u063a\u0641 \u0628\u0627\u0644\u0646\u0643\u0647\u0627\u062a \u0627\u0644\u0623\u0635\u064a\u0644\u0629. \u062a\u0623\u0633\u0633 \u0645\u0637\u0639\u0645 \u062f\u064a\u0627\u0641\u0627\u0644\u064a\u0643 \u0628\u0631\u0624\u064a\u0629 \u062a\u0647\u062f\u0641 \u0625\u0644\u0649 \u062a\u0642\u062f\u064a\u0645 \u062a\u062c\u0631\u0628\u0629 \u0637\u0647\u064a \u062a\u0631\u062d\u064a\u0628\u064a\u0629 \u0645\u0646 \u062e\u0644\u0627\u0644 \u0645\u0641\u0647\u0648\u0645 \u0627\u0644\u0645\u0637\u0628\u062e \u0627\u0644\u0637\u0627\u0632\u062c \u0627\u0644\u0630\u064a \u064a\u0639\u064a\u062f \u0627\u0644\u0646\u0638\u0631 \u0641\u064a \u0627\u0644\u0623\u0637\u0628\u0627\u0642 \u0627\u0644\u0643\u0644\u0627\u0633\u064a\u0643\u064a\u0629 \u0628\u0644\u0645\u0633\u0629 \u0639\u0635\u0631\u064a\u0629 \u0644\u0648\u062c\u0628\u0627\u062a \u0644\u0630\u064a\u0630\u0629 \u0648\u0645\u062a\u0648\u0627\u0632\u0646\u0629.<\/p>\n  <\/div>\n\n  <div class=\"about-section\">\n    <h2>\u062a\u0639\u0631\u0651\u0641 \u0639\u0644\u0649 \u0637\u0627\u0647\u064a\u0646\u0627<\/h2>\n    <div class=\"chef-profile\">\n      <img decoding=\"async\" src=\"https:\/\/dyafalik.com\/wp-content\/uploads\/2025\/07\/ysf.png\" alt=\"Chef Youssef\">\n      <h3>\u0627\u0644\u0634\u064a\u0641 \u064a\u0648\u0633\u0641<\/h3>\n      <p>\u0628\u0641\u0636\u0644 \u0633\u0646\u0648\u0627\u062a \u062e\u0628\u0631\u062a\u0647 \u0627\u0644\u0637\u0648\u064a\u0644\u0629 \u0648\u0646\u0647\u062c\u0647 \u0627\u0644\u0625\u0628\u062f\u0627\u0639\u064a \u0641\u064a \u062a\u0642\u062f\u064a\u0645 \u0627\u0644\u0645\u0623\u0643\u0648\u0644\u0627\u062a \u0627\u0644\u0637\u0627\u0632\u062c\u0629\u060c \u064a\u064f\u0636\u0641\u064a \u0627\u0644\u0634\u064a\u0641 \u064a\u0648\u0633\u0641 \u0627\u0644\u0623\u0635\u0627\u0644\u0629 \u0648\u0627\u0644\u0634\u063a\u0641 \u0648\u0627\u0644\u0627\u0628\u062a\u0643\u0627\u0631 \u0639\u0644\u0649 \u0643\u0644 \u0637\u0628\u0642 \u064a\u064f\u0642\u062f\u0651\u0645\u0647 \u0641\u064a DyafaLik.<\/p>\n    <\/div>\n  <\/div>\n<\/div>","protected":false},"excerpt":{"rendered":"<p>Bienvenue chez Dyafalik Un concept Kitchen Fresh qui r\u00e9invente le go\u00fbt et la fra\u00eecheur Notre histoire Chez Dyafalik, nous croyons [&hellip;]<\/p>","protected":false},"author":1,"featured_media":0,"parent":0,"menu_order":0,"comment_status":"closed","ping_status":"closed","template":"","meta":{"_uag_custom_page_level_css":"","site-sidebar-layout":"default","site-content-layout":"","ast-site-content-layout":"default","site-content-style":"default","site-sidebar-style":"default","ast-global-header-display":"","ast-banner-title-visibility":"","ast-main-header-display":"","ast-hfb-above-header-display":"","ast-hfb-below-header-display":"","ast-hfb-mobile-header-display":"","site-post-title":"disabled","ast-breadcrumbs-content":"","ast-featured-img":"","footer-sml-layout":"","theme-transparent-header-meta":"","adv-header-id-meta":"","stick-header-meta":"","header-above-stick-meta":"","header-main-stick-meta":"","header-below-stick-meta":"","astra-migrate-meta-layouts":"default","ast-page-background-enabled":"default","ast-page-background-meta":{"desktop":{"background-color":"var(--ast-global-color-5)","background-image":"","background-repeat":"repeat","background-position":"center center","background-size":"auto","background-attachment":"scroll","background-type":"","background-media":"","overlay-type":"","overlay-color":"","overlay-opacity":"","overlay-gradient":""},"tablet":{"background-color":"","background-image":"","background-repeat":"repeat","background-position":"center center","background-size":"auto","background-attachment":"scroll","background-type":"","background-media":"","overlay-type":"","overlay-color":"","overlay-opacity":"","overlay-gradient":""},"mobile":{"background-color":"","background-image":"","background-repeat":"repeat","background-position":"center center","background-size":"auto","background-attachment":"scroll","background-type":"","background-media":"","overlay-type":"","overlay-color":"","overlay-opacity":"","overlay-gradient":""}},"ast-content-background-meta":{"desktop":{"background-color":"var(--ast-global-color-4)","background-image":"","background-repeat":"repeat","background-position":"center center","background-size":"auto","background-attachment":"scroll","background-type":"","background-media":"","overlay-type":"","overlay-color":"","overlay-opacity":"","overlay-gradient":""},"tablet":{"background-color":"var(--ast-global-color-4)","background-image":"","background-repeat":"repeat","background-position":"center center","background-size":"auto","background-attachment":"scroll","background-type":"","background-media":"","overlay-type":"","overlay-color":"","overlay-opacity":"","overlay-gradient":""},"mobile":{"background-color":"var(--ast-global-color-4)","background-image":"","background-repeat":"repeat","background-position":"center center","background-size":"auto","background-attachment":"scroll","background-type":"","background-media":"","overlay-type":"","overlay-color":"","overlay-opacity":"","overlay-gradient":""}},"footnotes":""},"class_list":["post-1485","page","type-page","status-publish","hentry"],"uagb_featured_image_src":{"full":false,"thumbnail":false,"medium":false,"medium_large":false,"large":false,"1536x1536":false,"2048x2048":false,"trp-custom-language-flag":false,"woocommerce_thumbnail":false,"woocommerce_single":false,"woocommerce_gallery_thumbnail":false},"uagb_author_info":{"display_name":"Dyafa Lik","author_link":"https:\/\/dyafalik.com\/ar\/author\/dyafalik1gmail-com\/"},"uagb_comment_info":0,"uagb_excerpt":"Bienvenue chez Dyafalik Un concept Kitchen Fresh qui r\u00e9invente le go\u00fbt et la fra\u00eecheur Notre histoire Chez Dyafalik, nous croyons [&hellip;]","jetpack_sharing_enabled":true,"_links":{"self":[{"href":"https:\/\/dyafalik.com\/ar\/wp-json\/wp\/v2\/pages\/1485","targetHints":{"allow":["GET"]}}],"collection":[{"href":"https:\/\/dyafalik.com\/ar\/wp-json\/wp\/v2\/pages"}],"about":[{"href":"https:\/\/dyafalik.com\/ar\/wp-json\/wp\/v2\/types\/page"}],"author":[{"embeddable":true,"href":"https:\/\/dyafalik.com\/ar\/wp-json\/wp\/v2\/users\/1"}],"replies":[{"embeddable":true,"href":"https:\/\/dyafalik.com\/ar\/wp-json\/wp\/v2\/comments?post=1485"}],"version-history":[{"count":6,"href":"https:\/\/dyafalik.com\/ar\/wp-json\/wp\/v2\/pages\/1485\/revisions"}],"predecessor-version":[{"id":1503,"href":"https:\/\/dyafalik.com\/ar\/wp-json\/wp\/v2\/pages\/1485\/revisions\/1503"}],"wp:attachment":[{"href":"https:\/\/dyafalik.com\/ar\/wp-json\/wp\/v2\/media?parent=1485"}],"curies":[{"name":"wp","href":"https:\/\/api.w.org\/{rel}","templated":true}]}}